{"id":3275,"date":"2024-01-16T09:33:33","date_gmt":"2024-01-16T08:33:33","guid":{"rendered":"https:\/\/sidcon.nl\/datenschutzerklaerung\/"},"modified":"2025-07-09T09:32:54","modified_gmt":"2025-07-09T07:32:54","slug":"datenschutzerklaerung","status":"publish","type":"page","link":"https:\/\/sidcon.nl\/de\/datenschutzerklaerung\/","title":{"rendered":"Datenschutzerkl\u00e4rung"},"content":{"rendered":"<p>Dies ist die Datenschutzerkl\u00e4rung von Sidcon Milieutechniek B.V. (im Folgenden \u201eSidcon\u201c), eingetragen im Handelsregister der Handelskammer unter der Nummer 09157031, in Bezug auf die Website sidcon.nl. Diese Datenschutzerkl\u00e4rung bezieht sich auf die Datenverarbeitung durch Sidcon \u00fcber unsere Website sidcon.nl und unseren Newsletter sowie auf unsere Verwendung von Cookies.<\/p>\n<p>Sidcon respektiert die Privatsph\u00e4re aller Kunden und Nutzer der Website. Wir stellen sicher, dass die pers\u00f6nlichen Daten, die Sie uns zur Verf\u00fcgung stellen, vertraulich behandelt werden. Ihre personenbezogenen Daten werden nur f\u00fcr die Zwecke verwendet, f\u00fcr die Sie uns diese mitteilen. Eine Weitergabe der Daten an Dritte erfolgt nicht.<\/p>\n<p>Wir bieten einen Newsletter an, mit dem wir Abonnenten \u00fcber die neuesten Entwicklungen innerhalb von Sidcon, Entwicklungen in unserer Branche und neue Dienstleistungen von Sidcon informieren. Ihre E-Mail-Adresse wird nur mit ausdr\u00fccklicher Genehmigung in die Abonnentenliste aufgenommen. In jedem Newsletter ist ein Link enthalten, mit dem Sie sich abmelden k\u00f6nnen. Der Newsletter-Abonnentenstamm wird nicht an Dritte weitergegeben oder zur Einsichtnahme bereitgestellt.<\/p>\n<p>Wir verwenden Cookies auf unserer Website. Ein Cookie ist eine kleine Datei, die mit Seiten dieser Website gesendet und von Ihrem Browser auf der Festplatte Ihres Computers gespeichert wird. Sie k\u00f6nnen diese Cookies \u00fcber Ihren Browser deaktivieren. Mithilfe des Cookies k\u00f6nnen Sie angeben, welche Daten Sie uns zur Verf\u00fcgung stellen.<\/p>\n","protected":false},"excerpt":{"rendered":"<p>Dies ist die Datenschutzerkl\u00e4rung von Sidcon Milieutechniek B.V. (im Folgenden \u201eSidcon\u201c), eingetragen im Handelsregister der Handelskammer unter der Nummer 09157031, in Bezug auf die Website sidcon.nl. Diese Datenschutzerkl\u00e4rung bezieht sich auf die Datenverarbeitung durch Sidcon \u00fcber unsere Website sidcon.nl und unseren Newsletter sowie auf unsere Verwendung von Cookies. Sidcon respektiert die Privatsph\u00e4re aller Kunden und [&hellip;]<\/p>\n","protected":false},"author":2,"featured_media":0,"parent":0,"menu_order":45,"comment_status":"closed","ping_status":"closed","template":"","meta":{"_acf_changed":false,"footnotes":""},"class_list":["post-3275","page","type-page","status-publish","hentry"],"acf":[],"yoast_head":"<!-- This site is optimized with the Yoast SEO plugin v27.3 - https:\/\/yoast.com\/product\/yoast-seo-wordpress\/ -->\n<title>Datenschutzerkl\u00e4rung - Sidcon<\/title>\n<meta name=\"robots\" content=\"index, follow, max-snippet:-1, max-image-preview:large, max-video-preview:-1\" \/>\n<link rel=\"canonical\" href=\"https:\/\/sidcon.nl\/de\/datenschutzerklaerung\/\" \/>\n<meta property=\"og:locale\" content=\"de_DE\" \/>\n<meta property=\"og:type\" content=\"article\" \/>\n<meta property=\"og:title\" content=\"Datenschutzerkl\u00e4rung - Sidcon\" \/>\n<meta property=\"og:description\" content=\"Dies ist die Datenschutzerkl\u00e4rung von Sidcon Milieutechniek B.V. (im Folgenden \u201eSidcon\u201c), eingetragen im Handelsregister der Handelskammer unter der Nummer 09157031, in Bezug auf die Website sidcon.nl. Diese Datenschutzerkl\u00e4rung bezieht sich auf die Datenverarbeitung durch Sidcon \u00fcber unsere Website sidcon.nl und unseren Newsletter sowie auf unsere Verwendung von Cookies. Sidcon respektiert die Privatsph\u00e4re aller Kunden und [&hellip;]\" \/>\n<meta property=\"og:url\" content=\"https:\/\/sidcon.nl\/de\/datenschutzerklaerung\/\" \/>\n<meta property=\"og:site_name\" content=\"Sidcon\" \/>\n<meta property=\"article:modified_time\" content=\"2025-07-09T07:32:54+00:00\" \/>\n<meta name=\"twitter:card\" content=\"summary_large_image\" \/>\n<meta name=\"twitter:label1\" content=\"Gesch\u00e4tzte Lesezeit\" \/>\n\t<meta name=\"twitter:data1\" content=\"1\u00a0Minute\" \/>\n<script type=\"application\/ld+json\" class=\"yoast-schema-graph\">{\"@context\":\"https:\\\/\\\/schema.org\",\"@graph\":[{\"@type\":\"WebPage\",\"@id\":\"https:\\\/\\\/sidcon.nl\\\/de\\\/datenschutzerklaerung\\\/\",\"url\":\"https:\\\/\\\/sidcon.nl\\\/de\\\/datenschutzerklaerung\\\/\",\"name\":\"Datenschutzerkl\u00e4rung - Sidcon\",\"isPartOf\":{\"@id\":\"https:\\\/\\\/sidcon.nl\\\/de\\\/#website\"},\"datePublished\":\"2024-01-16T08:33:33+00:00\",\"dateModified\":\"2025-07-09T07:32:54+00:00\",\"breadcrumb\":{\"@id\":\"https:\\\/\\\/sidcon.nl\\\/de\\\/datenschutzerklaerung\\\/#breadcrumb\"},\"inLanguage\":\"de\",\"potentialAction\":[{\"@type\":\"ReadAction\",\"target\":[\"https:\\\/\\\/sidcon.nl\\\/de\\\/datenschutzerklaerung\\\/\"]}]},{\"@type\":\"BreadcrumbList\",\"@id\":\"https:\\\/\\\/sidcon.nl\\\/de\\\/datenschutzerklaerung\\\/#breadcrumb\",\"itemListElement\":[{\"@type\":\"ListItem\",\"position\":1,\"name\":\"Home\",\"item\":\"https:\\\/\\\/sidcon.nl\\\/de\\\/\"},{\"@type\":\"ListItem\",\"position\":2,\"name\":\"Datenschutzerkl\u00e4rung\"}]},{\"@type\":\"WebSite\",\"@id\":\"https:\\\/\\\/sidcon.nl\\\/de\\\/#website\",\"url\":\"https:\\\/\\\/sidcon.nl\\\/de\\\/\",\"name\":\"Sidcon\",\"description\":\"Ondergrondse perscontainers\",\"publisher\":{\"@id\":\"https:\\\/\\\/sidcon.nl\\\/de\\\/#organization\"},\"potentialAction\":[{\"@type\":\"SearchAction\",\"target\":{\"@type\":\"EntryPoint\",\"urlTemplate\":\"https:\\\/\\\/sidcon.nl\\\/de\\\/?s={search_term_string}\"},\"query-input\":{\"@type\":\"PropertyValueSpecification\",\"valueRequired\":true,\"valueName\":\"search_term_string\"}}],\"inLanguage\":\"de\"},{\"@type\":\"Organization\",\"@id\":\"https:\\\/\\\/sidcon.nl\\\/de\\\/#organization\",\"name\":\"Sidcon\",\"url\":\"https:\\\/\\\/sidcon.nl\\\/de\\\/\",\"logo\":{\"@type\":\"ImageObject\",\"inLanguage\":\"de\",\"@id\":\"https:\\\/\\\/sidcon.nl\\\/de\\\/#\\\/schema\\\/logo\\\/image\\\/\",\"url\":\"https:\\\/\\\/sidcon.nl\\\/wp-content\\\/uploads\\\/Logo-sidcon.svg\",\"contentUrl\":\"https:\\\/\\\/sidcon.nl\\\/wp-content\\\/uploads\\\/Logo-sidcon.svg\",\"width\":134,\"height\":27,\"caption\":\"Sidcon\"},\"image\":{\"@id\":\"https:\\\/\\\/sidcon.nl\\\/de\\\/#\\\/schema\\\/logo\\\/image\\\/\"}}]}<\/script>\n<!-- \/ Yoast SEO plugin. -->","yoast_head_json":{"title":"Datenschutzerkl\u00e4rung - Sidcon","robots":{"index":"index","follow":"follow","max-snippet":"max-snippet:-1","max-image-preview":"max-image-preview:large","max-video-preview":"max-video-preview:-1"},"canonical":"https:\/\/sidcon.nl\/de\/datenschutzerklaerung\/","og_locale":"de_DE","og_type":"article","og_title":"Datenschutzerkl\u00e4rung - Sidcon","og_description":"Dies ist die Datenschutzerkl\u00e4rung von Sidcon Milieutechniek B.V. (im Folgenden \u201eSidcon\u201c), eingetragen im Handelsregister der Handelskammer unter der Nummer 09157031, in Bezug auf die Website sidcon.nl. Diese Datenschutzerkl\u00e4rung bezieht sich auf die Datenverarbeitung durch Sidcon \u00fcber unsere Website sidcon.nl und unseren Newsletter sowie auf unsere Verwendung von Cookies. Sidcon respektiert die Privatsph\u00e4re aller Kunden und [&hellip;]","og_url":"https:\/\/sidcon.nl\/de\/datenschutzerklaerung\/","og_site_name":"Sidcon","article_modified_time":"2025-07-09T07:32:54+00:00","twitter_card":"summary_large_image","twitter_misc":{"Gesch\u00e4tzte Lesezeit":"1\u00a0Minute"},"schema":{"@context":"https:\/\/schema.org","@graph":[{"@type":"WebPage","@id":"https:\/\/sidcon.nl\/de\/datenschutzerklaerung\/","url":"https:\/\/sidcon.nl\/de\/datenschutzerklaerung\/","name":"Datenschutzerkl\u00e4rung - Sidcon","isPartOf":{"@id":"https:\/\/sidcon.nl\/de\/#website"},"datePublished":"2024-01-16T08:33:33+00:00","dateModified":"2025-07-09T07:32:54+00:00","breadcrumb":{"@id":"https:\/\/sidcon.nl\/de\/datenschutzerklaerung\/#breadcrumb"},"inLanguage":"de","potentialAction":[{"@type":"ReadAction","target":["https:\/\/sidcon.nl\/de\/datenschutzerklaerung\/"]}]},{"@type":"BreadcrumbList","@id":"https:\/\/sidcon.nl\/de\/datenschutzerklaerung\/#breadcrumb","itemListElement":[{"@type":"ListItem","position":1,"name":"Home","item":"https:\/\/sidcon.nl\/de\/"},{"@type":"ListItem","position":2,"name":"Datenschutzerkl\u00e4rung"}]},{"@type":"WebSite","@id":"https:\/\/sidcon.nl\/de\/#website","url":"https:\/\/sidcon.nl\/de\/","name":"Sidcon","description":"Ondergrondse perscontainers","publisher":{"@id":"https:\/\/sidcon.nl\/de\/#organization"},"potentialAction":[{"@type":"SearchAction","target":{"@type":"EntryPoint","urlTemplate":"https:\/\/sidcon.nl\/de\/?s={search_term_string}"},"query-input":{"@type":"PropertyValueSpecification","valueRequired":true,"valueName":"search_term_string"}}],"inLanguage":"de"},{"@type":"Organization","@id":"https:\/\/sidcon.nl\/de\/#organization","name":"Sidcon","url":"https:\/\/sidcon.nl\/de\/","logo":{"@type":"ImageObject","inLanguage":"de","@id":"https:\/\/sidcon.nl\/de\/#\/schema\/logo\/image\/","url":"https:\/\/sidcon.nl\/wp-content\/uploads\/Logo-sidcon.svg","contentUrl":"https:\/\/sidcon.nl\/wp-content\/uploads\/Logo-sidcon.svg","width":134,"height":27,"caption":"Sidcon"},"image":{"@id":"https:\/\/sidcon.nl\/de\/#\/schema\/logo\/image\/"}}]}},"_links":{"self":[{"href":"https:\/\/sidcon.nl\/de\/wp-json\/wp\/v2\/pages\/3275","targetHints":{"allow":["GET"]}}],"collection":[{"href":"https:\/\/sidcon.nl\/de\/wp-json\/wp\/v2\/pages"}],"about":[{"href":"https:\/\/sidcon.nl\/de\/wp-json\/wp\/v2\/types\/page"}],"author":[{"embeddable":true,"href":"https:\/\/sidcon.nl\/de\/wp-json\/wp\/v2\/users\/2"}],"replies":[{"embeddable":true,"href":"https:\/\/sidcon.nl\/de\/wp-json\/wp\/v2\/comments?post=3275"}],"version-history":[{"count":0,"href":"https:\/\/sidcon.nl\/de\/wp-json\/wp\/v2\/pages\/3275\/revisions"}],"wp:attachment":[{"href":"https:\/\/sidcon.nl\/de\/wp-json\/wp\/v2\/media?parent=3275"}],"curies":[{"name":"wp","href":"https:\/\/api.w.org\/{rel}","templated":true}]}}