{"id":3504,"date":"2023-11-15T13:01:11","date_gmt":"2023-11-15T12:01:11","guid":{"rendered":"https:\/\/sidcon.nl\/produkten\/"},"modified":"2025-12-15T13:31:48","modified_gmt":"2025-12-15T12:31:48","slug":"produkten","status":"publish","type":"page","link":"https:\/\/sidcon.nl\/de\/produkten\/","title":{"rendered":"Produkten"},"content":{"rendered":"\t\t<div data-elementor-type=\"wp-page\" data-elementor-id=\"3504\" class=\"elementor elementor-3504 elementor-500\" data-elementor-post-type=\"page\">\n\t\t\t\t<div class=\"has_ae_slider elementor-element elementor-element-ee59e69 e-grid e-con-boxed ae-bg-gallery-type-default e-con e-parent\" data-id=\"ee59e69\" data-element_type=\"container\" data-e-type=\"container\" data-settings=\"{&quot;background_background&quot;:&quot;classic&quot;}\">\n\t\t\t\t\t<div class=\"e-con-inner\">\n\t\t<a class=\"has_ae_slider elementor-element elementor-element-fd9498a e-con-full e-flex ae-bg-gallery-type-default e-con e-child\" data-id=\"fd9498a\" data-element_type=\"container\" data-e-type=\"container\" data-settings=\"{&quot;background_background&quot;:&quot;classic&quot;}\" href=\"https:\/\/sidcon.nl\/producten\/ondergrondse-perscontainer-capaciteit-afval\/\">\n\t\t\t\t<div class=\"elementor-element elementor-element-a2bbd50 elementor-widget elementor-widget-image\" data-id=\"a2bbd50\" data-element_type=\"widget\" data-e-type=\"widget\" data-settings=\"{&quot;_animation&quot;:&quot;none&quot;}\" data-widget_type=\"image.default\">\n\t\t\t\t<div class=\"elementor-widget-container\">\n\t\t\t\t\t\t\t\t\t\t\t\t\t\t\t<img fetchpriority=\"high\" decoding=\"async\" width=\"800\" height=\"1023\" src=\"https:\/\/sidcon.nl\/wp-content\/uploads\/pro-test-1-801x1024.jpg\" class=\"attachment-large size-large wp-image-4554\" alt=\"\" srcset=\"https:\/\/sidcon.nl\/wp-content\/uploads\/pro-test-1-801x1024.jpg 801w, https:\/\/sidcon.nl\/wp-content\/uploads\/pro-test-1-235x300.jpg 235w, https:\/\/sidcon.nl\/wp-content\/uploads\/pro-test-1-768x982.jpg 768w, https:\/\/sidcon.nl\/wp-content\/uploads\/pro-test-1.jpg 1000w\" sizes=\"(max-width: 800px) 100vw, 800px\" \/>\t\t\t\t\t\t\t\t\t\t\t\t\t\t\t<\/div>\n\t\t\t\t<\/div>\n\t\t\t\t<div class=\"elementor-element elementor-element-a2f6079 elementor-widget elementor-widget-heading\" data-id=\"a2f6079\" data-element_type=\"widget\" data-e-type=\"widget\" data-widget_type=\"heading.default\">\n\t\t\t\t<div class=\"elementor-widget-container\">\n\t\t\t\t\t<h2 class=\"elementor-heading-title elementor-size-default\">Unterflur-Presscontainern<\/h2>\t\t\t\t<\/div>\n\t\t\t\t<\/div>\n\t\t\t\t<div class=\"elementor-element elementor-element-6f517d0 elementor-widget-divider--view-line elementor-widget elementor-widget-divider\" data-id=\"6f517d0\" data-element_type=\"widget\" data-e-type=\"widget\" data-widget_type=\"divider.default\">\n\t\t\t\t<div class=\"elementor-widget-container\">\n\t\t\t\t\t\t\t<div class=\"elementor-divider\">\n\t\t\t<span class=\"elementor-divider-separator\">\n\t\t\t\t\t\t<\/span>\n\t\t<\/div>\n\t\t\t\t\t\t<\/div>\n\t\t\t\t<\/div>\n\t\t\t\t<div class=\"elementor-element elementor-element-8b9b2d5 elementor-widget elementor-widget-text-editor\" data-id=\"8b9b2d5\" data-element_type=\"widget\" data-e-type=\"widget\" data-widget_type=\"text-editor.default\">\n\t\t\t\t<div class=\"elementor-widget-container\">\n\t\t\t\t\t\t\t\t\t<p>Der Unterflur-Presscontainern ein 6- bis 10-mal gr\u00f6\u00dferes Fassungsverm\u00f6gen als ein herk\u00f6mmlicher unterirdischer Container. Dies f\u00fchrt zu viel mehr Flexibilit\u00e4t und somit zu weniger Fahrten und weniger Containern.<\/p>\n\t\t\t\t\t\t\t\t<\/div>\n\t\t\t\t<\/div>\n\t\t\t\t<\/a>\n\t\t<a class=\"has_ae_slider elementor-element elementor-element-6525e13 e-con-full e-flex ae-bg-gallery-type-default e-con e-child\" data-id=\"6525e13\" data-element_type=\"container\" data-e-type=\"container\" data-settings=\"{&quot;background_background&quot;:&quot;classic&quot;}\" href=\"https:\/\/sidcon.nl\/producten\/presstation-bin-bedrijfsafval-verzorgingshuizen\/\">\n\t\t\t\t<div class=\"elementor-element elementor-element-8975bcb elementor-widget elementor-widget-image\" data-id=\"8975bcb\" data-element_type=\"widget\" data-e-type=\"widget\" data-settings=\"{&quot;_animation&quot;:&quot;none&quot;}\" data-widget_type=\"image.default\">\n\t\t\t\t<div class=\"elementor-widget-container\">\n\t\t\t\t\t\t\t\t\t\t\t\t\t\t\t<img decoding=\"async\" width=\"800\" height=\"1023\" src=\"https:\/\/sidcon.nl\/wp-content\/uploads\/bin-test2-801x1024.jpg\" class=\"attachment-large size-large wp-image-4890\" alt=\"\" srcset=\"https:\/\/sidcon.nl\/wp-content\/uploads\/bin-test2-801x1024.jpg 801w, https:\/\/sidcon.nl\/wp-content\/uploads\/bin-test2-235x300.jpg 235w, https:\/\/sidcon.nl\/wp-content\/uploads\/bin-test2-768x982.jpg 768w, https:\/\/sidcon.nl\/wp-content\/uploads\/bin-test2.jpg 1000w\" sizes=\"(max-width: 800px) 100vw, 800px\" \/>\t\t\t\t\t\t\t\t\t\t\t\t\t\t\t<\/div>\n\t\t\t\t<\/div>\n\t\t\t\t<div class=\"elementor-element elementor-element-2667c39 elementor-widget elementor-widget-heading\" data-id=\"2667c39\" data-element_type=\"widget\" data-e-type=\"widget\" data-widget_type=\"heading.default\">\n\t\t\t\t<div class=\"elementor-widget-container\">\n\t\t\t\t\t<h2 class=\"elementor-heading-title elementor-size-default\">Presstation Bin<\/h2>\t\t\t\t<\/div>\n\t\t\t\t<\/div>\n\t\t\t\t<div class=\"elementor-element elementor-element-e1b7009 elementor-widget-divider--view-line elementor-widget elementor-widget-divider\" data-id=\"e1b7009\" data-element_type=\"widget\" data-e-type=\"widget\" data-widget_type=\"divider.default\">\n\t\t\t\t<div class=\"elementor-widget-container\">\n\t\t\t\t\t\t\t<div class=\"elementor-divider\">\n\t\t\t<span class=\"elementor-divider-separator\">\n\t\t\t\t\t\t<\/span>\n\t\t<\/div>\n\t\t\t\t\t\t<\/div>\n\t\t\t\t<\/div>\n\t\t\t\t<div class=\"elementor-element elementor-element-181cbf7 elementor-widget elementor-widget-text-editor\" data-id=\"181cbf7\" data-element_type=\"widget\" data-e-type=\"widget\" data-widget_type=\"text-editor.default\">\n\t\t\t\t<div class=\"elementor-widget-container\">\n\t\t\t\t\t\t\t\t\t<p>Die Presstation Bin ist ein unterirdischer Verdichter kombiniert mit einem Kipper, f\u00fcr die Entleerung von Minicontainern. Er ist speziell f\u00fcr den f\u00fcr den Betrieb in Zentren oder Pflegeheimen.<\/p>\n\t\t\t\t\t\t\t\t<\/div>\n\t\t\t\t<\/div>\n\t\t\t\t<\/a>\n\t\t\t\t\t<\/div>\n\t\t\t\t<\/div>\n\t\t\t\t<\/div>\n\t\t","protected":false},"excerpt":{"rendered":"<p>Unterflur-Presscontainern Der Unterflur-Presscontainern ein 6- bis 10-mal gr\u00f6\u00dferes Fassungsverm\u00f6gen als ein herk\u00f6mmlicher unterirdischer Container. Dies f\u00fchrt zu viel mehr Flexibilit\u00e4t und somit zu weniger Fahrten und weniger Containern. Presstation Bin Die Presstation Bin ist ein unterirdischer Verdichter kombiniert mit einem Kipper, f\u00fcr die Entleerung von Minicontainern. Er ist speziell f\u00fcr den f\u00fcr den Betrieb in [&hellip;]<\/p>\n","protected":false},"author":3,"featured_media":0,"parent":0,"menu_order":8,"comment_status":"closed","ping_status":"closed","template":"","meta":{"_acf_changed":false,"footnotes":""},"class_list":["post-3504","page","type-page","status-publish","hentry"],"acf":[],"yoast_head":"<!-- This site is optimized with the Yoast SEO plugin v27.4 - https:\/\/yoast.com\/product\/yoast-seo-wordpress\/ -->\n<title>Produkten - Sidcon<\/title>\n<meta name=\"description\" content=\"Entdecken Sie die intelligenten L\u00f6sungen von Sidcon f\u00fcr die Abfallsammlung . Von Unterflur-Presscontainern bis zur Presstation Bin, effizient und nachhaltig.\" \/>\n<meta name=\"robots\" content=\"index, follow, max-snippet:-1, max-image-preview:large, max-video-preview:-1\" \/>\n<link rel=\"canonical\" href=\"https:\/\/sidcon.nl\/de\/produkten\/\" \/>\n<meta property=\"og:locale\" content=\"de_DE\" \/>\n<meta property=\"og:type\" content=\"article\" \/>\n<meta property=\"og:title\" content=\"Produkten - Sidcon\" \/>\n<meta property=\"og:description\" content=\"Entdecken Sie die intelligenten L\u00f6sungen von Sidcon f\u00fcr die Abfallsammlung . Von Unterflur-Presscontainern bis zur Presstation Bin, effizient und nachhaltig.\" \/>\n<meta property=\"og:url\" content=\"https:\/\/sidcon.nl\/de\/produkten\/\" \/>\n<meta property=\"og:site_name\" content=\"Sidcon\" \/>\n<meta property=\"article:modified_time\" content=\"2025-12-15T12:31:48+00:00\" \/>\n<meta property=\"og:image\" content=\"https:\/\/sidcon.nl\/wp-content\/uploads\/pro-test-1.jpg\" \/>\n\t<meta property=\"og:image:width\" content=\"1000\" \/>\n\t<meta property=\"og:image:height\" content=\"1278\" \/>\n\t<meta property=\"og:image:type\" content=\"image\/jpeg\" \/>\n<meta name=\"twitter:card\" content=\"summary_large_image\" \/>\n<meta name=\"twitter:label1\" content=\"Gesch\u00e4tzte Lesezeit\" \/>\n\t<meta name=\"twitter:data1\" content=\"2\u00a0Minuten\" \/>\n<script type=\"application\/ld+json\" class=\"yoast-schema-graph\">{\"@context\":\"https:\\\/\\\/schema.org\",\"@graph\":[{\"@type\":\"WebPage\",\"@id\":\"https:\\\/\\\/sidcon.nl\\\/de\\\/produkten\\\/\",\"url\":\"https:\\\/\\\/sidcon.nl\\\/de\\\/produkten\\\/\",\"name\":\"Produkten - Sidcon\",\"isPartOf\":{\"@id\":\"https:\\\/\\\/sidcon.nl\\\/de\\\/#website\"},\"primaryImageOfPage\":{\"@id\":\"https:\\\/\\\/sidcon.nl\\\/de\\\/produkten\\\/#primaryimage\"},\"image\":{\"@id\":\"https:\\\/\\\/sidcon.nl\\\/de\\\/produkten\\\/#primaryimage\"},\"thumbnailUrl\":\"https:\\\/\\\/sidcon.nl\\\/wp-content\\\/uploads\\\/pro-test-1-801x1024.jpg\",\"datePublished\":\"2023-11-15T12:01:11+00:00\",\"dateModified\":\"2025-12-15T12:31:48+00:00\",\"description\":\"Entdecken Sie die intelligenten L\u00f6sungen von Sidcon f\u00fcr die Abfallsammlung . Von Unterflur-Presscontainern bis zur Presstation Bin, effizient und nachhaltig.\",\"breadcrumb\":{\"@id\":\"https:\\\/\\\/sidcon.nl\\\/de\\\/produkten\\\/#breadcrumb\"},\"inLanguage\":\"de\",\"potentialAction\":[{\"@type\":\"ReadAction\",\"target\":[\"https:\\\/\\\/sidcon.nl\\\/de\\\/produkten\\\/\"]}]},{\"@type\":\"ImageObject\",\"inLanguage\":\"de\",\"@id\":\"https:\\\/\\\/sidcon.nl\\\/de\\\/produkten\\\/#primaryimage\",\"url\":\"https:\\\/\\\/sidcon.nl\\\/wp-content\\\/uploads\\\/pro-test-1-801x1024.jpg\",\"contentUrl\":\"https:\\\/\\\/sidcon.nl\\\/wp-content\\\/uploads\\\/pro-test-1-801x1024.jpg\"},{\"@type\":\"BreadcrumbList\",\"@id\":\"https:\\\/\\\/sidcon.nl\\\/de\\\/produkten\\\/#breadcrumb\",\"itemListElement\":[{\"@type\":\"ListItem\",\"position\":1,\"name\":\"Home\",\"item\":\"https:\\\/\\\/sidcon.nl\\\/de\\\/\"},{\"@type\":\"ListItem\",\"position\":2,\"name\":\"Produkten\"}]},{\"@type\":\"WebSite\",\"@id\":\"https:\\\/\\\/sidcon.nl\\\/de\\\/#website\",\"url\":\"https:\\\/\\\/sidcon.nl\\\/de\\\/\",\"name\":\"Sidcon\",\"description\":\"Ondergrondse perscontainers\",\"publisher\":{\"@id\":\"https:\\\/\\\/sidcon.nl\\\/de\\\/#organization\"},\"potentialAction\":[{\"@type\":\"SearchAction\",\"target\":{\"@type\":\"EntryPoint\",\"urlTemplate\":\"https:\\\/\\\/sidcon.nl\\\/de\\\/?s={search_term_string}\"},\"query-input\":{\"@type\":\"PropertyValueSpecification\",\"valueRequired\":true,\"valueName\":\"search_term_string\"}}],\"inLanguage\":\"de\"},{\"@type\":\"Organization\",\"@id\":\"https:\\\/\\\/sidcon.nl\\\/de\\\/#organization\",\"name\":\"Sidcon\",\"url\":\"https:\\\/\\\/sidcon.nl\\\/de\\\/\",\"logo\":{\"@type\":\"ImageObject\",\"inLanguage\":\"de\",\"@id\":\"https:\\\/\\\/sidcon.nl\\\/de\\\/#\\\/schema\\\/logo\\\/image\\\/\",\"url\":\"https:\\\/\\\/sidcon.nl\\\/wp-content\\\/uploads\\\/Logo-sidcon.svg\",\"contentUrl\":\"https:\\\/\\\/sidcon.nl\\\/wp-content\\\/uploads\\\/Logo-sidcon.svg\",\"width\":134,\"height\":27,\"caption\":\"Sidcon\"},\"image\":{\"@id\":\"https:\\\/\\\/sidcon.nl\\\/de\\\/#\\\/schema\\\/logo\\\/image\\\/\"}}]}<\/script>\n<!-- \/ Yoast SEO plugin. -->","yoast_head_json":{"title":"Produkten - Sidcon","description":"Entdecken Sie die intelligenten L\u00f6sungen von Sidcon f\u00fcr die Abfallsammlung . Von Unterflur-Presscontainern bis zur Presstation Bin, effizient und nachhaltig.","robots":{"index":"index","follow":"follow","max-snippet":"max-snippet:-1","max-image-preview":"max-image-preview:large","max-video-preview":"max-video-preview:-1"},"canonical":"https:\/\/sidcon.nl\/de\/produkten\/","og_locale":"de_DE","og_type":"article","og_title":"Produkten - Sidcon","og_description":"Entdecken Sie die intelligenten L\u00f6sungen von Sidcon f\u00fcr die Abfallsammlung . Von Unterflur-Presscontainern bis zur Presstation Bin, effizient und nachhaltig.","og_url":"https:\/\/sidcon.nl\/de\/produkten\/","og_site_name":"Sidcon","article_modified_time":"2025-12-15T12:31:48+00:00","og_image":[{"width":1000,"height":1278,"url":"https:\/\/sidcon.nl\/wp-content\/uploads\/pro-test-1.jpg","type":"image\/jpeg"}],"twitter_card":"summary_large_image","twitter_misc":{"Gesch\u00e4tzte Lesezeit":"2\u00a0Minuten"},"schema":{"@context":"https:\/\/schema.org","@graph":[{"@type":"WebPage","@id":"https:\/\/sidcon.nl\/de\/produkten\/","url":"https:\/\/sidcon.nl\/de\/produkten\/","name":"Produkten - Sidcon","isPartOf":{"@id":"https:\/\/sidcon.nl\/de\/#website"},"primaryImageOfPage":{"@id":"https:\/\/sidcon.nl\/de\/produkten\/#primaryimage"},"image":{"@id":"https:\/\/sidcon.nl\/de\/produkten\/#primaryimage"},"thumbnailUrl":"https:\/\/sidcon.nl\/wp-content\/uploads\/pro-test-1-801x1024.jpg","datePublished":"2023-11-15T12:01:11+00:00","dateModified":"2025-12-15T12:31:48+00:00","description":"Entdecken Sie die intelligenten L\u00f6sungen von Sidcon f\u00fcr die Abfallsammlung . Von Unterflur-Presscontainern bis zur Presstation Bin, effizient und nachhaltig.","breadcrumb":{"@id":"https:\/\/sidcon.nl\/de\/produkten\/#breadcrumb"},"inLanguage":"de","potentialAction":[{"@type":"ReadAction","target":["https:\/\/sidcon.nl\/de\/produkten\/"]}]},{"@type":"ImageObject","inLanguage":"de","@id":"https:\/\/sidcon.nl\/de\/produkten\/#primaryimage","url":"https:\/\/sidcon.nl\/wp-content\/uploads\/pro-test-1-801x1024.jpg","contentUrl":"https:\/\/sidcon.nl\/wp-content\/uploads\/pro-test-1-801x1024.jpg"},{"@type":"BreadcrumbList","@id":"https:\/\/sidcon.nl\/de\/produkten\/#breadcrumb","itemListElement":[{"@type":"ListItem","position":1,"name":"Home","item":"https:\/\/sidcon.nl\/de\/"},{"@type":"ListItem","position":2,"name":"Produkten"}]},{"@type":"WebSite","@id":"https:\/\/sidcon.nl\/de\/#website","url":"https:\/\/sidcon.nl\/de\/","name":"Sidcon","description":"Ondergrondse perscontainers","publisher":{"@id":"https:\/\/sidcon.nl\/de\/#organization"},"potentialAction":[{"@type":"SearchAction","target":{"@type":"EntryPoint","urlTemplate":"https:\/\/sidcon.nl\/de\/?s={search_term_string}"},"query-input":{"@type":"PropertyValueSpecification","valueRequired":true,"valueName":"search_term_string"}}],"inLanguage":"de"},{"@type":"Organization","@id":"https:\/\/sidcon.nl\/de\/#organization","name":"Sidcon","url":"https:\/\/sidcon.nl\/de\/","logo":{"@type":"ImageObject","inLanguage":"de","@id":"https:\/\/sidcon.nl\/de\/#\/schema\/logo\/image\/","url":"https:\/\/sidcon.nl\/wp-content\/uploads\/Logo-sidcon.svg","contentUrl":"https:\/\/sidcon.nl\/wp-content\/uploads\/Logo-sidcon.svg","width":134,"height":27,"caption":"Sidcon"},"image":{"@id":"https:\/\/sidcon.nl\/de\/#\/schema\/logo\/image\/"}}]}},"_links":{"self":[{"href":"https:\/\/sidcon.nl\/de\/wp-json\/wp\/v2\/pages\/3504","targetHints":{"allow":["GET"]}}],"collection":[{"href":"https:\/\/sidcon.nl\/de\/wp-json\/wp\/v2\/pages"}],"about":[{"href":"https:\/\/sidcon.nl\/de\/wp-json\/wp\/v2\/types\/page"}],"author":[{"embeddable":true,"href":"https:\/\/sidcon.nl\/de\/wp-json\/wp\/v2\/users\/3"}],"replies":[{"embeddable":true,"href":"https:\/\/sidcon.nl\/de\/wp-json\/wp\/v2\/comments?post=3504"}],"version-history":[{"count":26,"href":"https:\/\/sidcon.nl\/de\/wp-json\/wp\/v2\/pages\/3504\/revisions"}],"predecessor-version":[{"id":10572,"href":"https:\/\/sidcon.nl\/de\/wp-json\/wp\/v2\/pages\/3504\/revisions\/10572"}],"wp:attachment":[{"href":"https:\/\/sidcon.nl\/de\/wp-json\/wp\/v2\/media?parent=3504"}],"curies":[{"name":"wp","href":"https:\/\/api.w.org\/{rel}","templated":true}]}}