{"id":4158,"date":"2024-03-18T13:08:49","date_gmt":"2024-03-18T12:08:49","guid":{"rendered":"https:\/\/sidcon.nl\/dank-contact\/"},"modified":"2025-07-09T09:26:30","modified_gmt":"2025-07-09T07:26:30","slug":"dank-contact","status":"publish","type":"page","link":"https:\/\/sidcon.nl\/de\/dank-contact\/","title":{"rendered":"Dank-contact"},"content":{"rendered":"\t\t<div data-elementor-type=\"wp-page\" data-elementor-id=\"4158\" class=\"elementor elementor-4158 elementor-4140\" data-elementor-post-type=\"page\">\n\t\t\t\t<div class=\"has_ae_slider elementor-element elementor-element-b956295 e-flex e-con-boxed ae-bg-gallery-type-default e-con e-parent\" data-id=\"b956295\" data-element_type=\"container\" data-e-type=\"container\">\n\t\t\t\t\t<div class=\"e-con-inner\">\n\t\t\t\t<div class=\"elementor-element elementor-element-0cc38ff elementor-widget elementor-widget-heading\" data-id=\"0cc38ff\" data-element_type=\"widget\" data-e-type=\"widget\" data-widget_type=\"heading.default\">\n\t\t\t\t<div class=\"elementor-widget-container\">\n\t\t\t\t\t<h2 class=\"elementor-heading-title elementor-size-default\">Das Formular wurde erfolgreich versendet!<\/h2>\t\t\t\t<\/div>\n\t\t\t\t<\/div>\n\t\t\t\t\t<\/div>\n\t\t\t\t<\/div>\n\t\t<div class=\"has_ae_slider elementor-element elementor-element-13b4158 e-flex e-con-boxed ae-bg-gallery-type-default e-con e-parent\" data-id=\"13b4158\" data-element_type=\"container\" data-e-type=\"container\">\n\t\t\t\t\t<div class=\"e-con-inner\">\n\t\t\t\t<div class=\"elementor-element elementor-element-12a164b elementor-widget elementor-widget-text-editor\" data-id=\"12a164b\" data-element_type=\"widget\" data-e-type=\"widget\" data-widget_type=\"text-editor.default\">\n\t\t\t\t<div class=\"elementor-widget-container\">\n\t\t\t\t\t\t\t\t\t<p>Vielen Dank f\u00fcr das Ausf\u00fcllen des Kontaktformulars.<\/p>\n<p>Wir werden uns so schnell wie m\u00f6glich mit Ihnen in Verbindung setzen.<\/p>\n\t\t\t\t\t\t\t\t<\/div>\n\t\t\t\t<\/div>\n\t\t\t\t\t<\/div>\n\t\t\t\t<\/div>\n\t\t<div class=\"has_ae_slider elementor-element elementor-element-45e70a8 e-flex e-con-boxed ae-bg-gallery-type-default e-con e-parent\" data-id=\"45e70a8\" data-element_type=\"container\" data-e-type=\"container\">\n\t\t\t\t\t<div class=\"e-con-inner\">\n\t\t\t\t\t<\/div>\n\t\t\t\t<\/div>\n\t\t\t\t<\/div>\n\t\t","protected":false},"excerpt":{"rendered":"<p>Das Formular wurde erfolgreich versendet! Vielen Dank f\u00fcr das Ausf\u00fcllen des Kontaktformulars. Wir werden uns so schnell wie m\u00f6glich mit Ihnen in Verbindung setzen.<\/p>\n","protected":false},"author":1,"featured_media":0,"parent":0,"menu_order":100,"comment_status":"closed","ping_status":"closed","template":"","meta":{"_acf_changed":false,"footnotes":""},"class_list":["post-4158","page","type-page","status-publish","hentry"],"acf":[],"yoast_head":"<!-- This site is optimized with the Yoast SEO plugin v27.3 - https:\/\/yoast.com\/product\/yoast-seo-wordpress\/ -->\n<title>Dank-contact - Sidcon<\/title>\n<meta name=\"robots\" content=\"index, follow, max-snippet:-1, max-image-preview:large, max-video-preview:-1\" \/>\n<link rel=\"canonical\" href=\"https:\/\/sidcon.nl\/de\/dank-contact\/\" \/>\n<meta property=\"og:locale\" content=\"de_DE\" \/>\n<meta property=\"og:type\" content=\"article\" \/>\n<meta property=\"og:title\" content=\"Dank-contact - Sidcon\" \/>\n<meta property=\"og:description\" content=\"Das Formular wurde erfolgreich versendet! Vielen Dank f\u00fcr das Ausf\u00fcllen des Kontaktformulars. Wir werden uns so schnell wie m\u00f6glich mit Ihnen in Verbindung setzen.\" \/>\n<meta property=\"og:url\" content=\"https:\/\/sidcon.nl\/de\/dank-contact\/\" \/>\n<meta property=\"og:site_name\" content=\"Sidcon\" \/>\n<meta property=\"article:modified_time\" content=\"2025-07-09T07:26:30+00:00\" \/>\n<meta name=\"twitter:card\" content=\"summary_large_image\" \/>\n<script type=\"application\/ld+json\" class=\"yoast-schema-graph\">{\"@context\":\"https:\\\/\\\/schema.org\",\"@graph\":[{\"@type\":\"WebPage\",\"@id\":\"https:\\\/\\\/sidcon.nl\\\/de\\\/dank-contact\\\/\",\"url\":\"https:\\\/\\\/sidcon.nl\\\/de\\\/dank-contact\\\/\",\"name\":\"Dank-contact - Sidcon\",\"isPartOf\":{\"@id\":\"https:\\\/\\\/sidcon.nl\\\/de\\\/#website\"},\"datePublished\":\"2024-03-18T12:08:49+00:00\",\"dateModified\":\"2025-07-09T07:26:30+00:00\",\"breadcrumb\":{\"@id\":\"https:\\\/\\\/sidcon.nl\\\/de\\\/dank-contact\\\/#breadcrumb\"},\"inLanguage\":\"de\",\"potentialAction\":[{\"@type\":\"ReadAction\",\"target\":[\"https:\\\/\\\/sidcon.nl\\\/de\\\/dank-contact\\\/\"]}]},{\"@type\":\"BreadcrumbList\",\"@id\":\"https:\\\/\\\/sidcon.nl\\\/de\\\/dank-contact\\\/#breadcrumb\",\"itemListElement\":[{\"@type\":\"ListItem\",\"position\":1,\"name\":\"Home\",\"item\":\"https:\\\/\\\/sidcon.nl\\\/de\\\/\"},{\"@type\":\"ListItem\",\"position\":2,\"name\":\"Dank-contact\"}]},{\"@type\":\"WebSite\",\"@id\":\"https:\\\/\\\/sidcon.nl\\\/de\\\/#website\",\"url\":\"https:\\\/\\\/sidcon.nl\\\/de\\\/\",\"name\":\"Sidcon\",\"description\":\"Ondergrondse perscontainers\",\"publisher\":{\"@id\":\"https:\\\/\\\/sidcon.nl\\\/de\\\/#organization\"},\"potentialAction\":[{\"@type\":\"SearchAction\",\"target\":{\"@type\":\"EntryPoint\",\"urlTemplate\":\"https:\\\/\\\/sidcon.nl\\\/de\\\/?s={search_term_string}\"},\"query-input\":{\"@type\":\"PropertyValueSpecification\",\"valueRequired\":true,\"valueName\":\"search_term_string\"}}],\"inLanguage\":\"de\"},{\"@type\":\"Organization\",\"@id\":\"https:\\\/\\\/sidcon.nl\\\/de\\\/#organization\",\"name\":\"Sidcon\",\"url\":\"https:\\\/\\\/sidcon.nl\\\/de\\\/\",\"logo\":{\"@type\":\"ImageObject\",\"inLanguage\":\"de\",\"@id\":\"https:\\\/\\\/sidcon.nl\\\/de\\\/#\\\/schema\\\/logo\\\/image\\\/\",\"url\":\"https:\\\/\\\/sidcon.nl\\\/wp-content\\\/uploads\\\/Logo-sidcon.svg\",\"contentUrl\":\"https:\\\/\\\/sidcon.nl\\\/wp-content\\\/uploads\\\/Logo-sidcon.svg\",\"width\":134,\"height\":27,\"caption\":\"Sidcon\"},\"image\":{\"@id\":\"https:\\\/\\\/sidcon.nl\\\/de\\\/#\\\/schema\\\/logo\\\/image\\\/\"}}]}<\/script>\n<!-- \/ Yoast SEO plugin. -->","yoast_head_json":{"title":"Dank-contact - Sidcon","robots":{"index":"index","follow":"follow","max-snippet":"max-snippet:-1","max-image-preview":"max-image-preview:large","max-video-preview":"max-video-preview:-1"},"canonical":"https:\/\/sidcon.nl\/de\/dank-contact\/","og_locale":"de_DE","og_type":"article","og_title":"Dank-contact - Sidcon","og_description":"Das Formular wurde erfolgreich versendet! Vielen Dank f\u00fcr das Ausf\u00fcllen des Kontaktformulars. Wir werden uns so schnell wie m\u00f6glich mit Ihnen in Verbindung setzen.","og_url":"https:\/\/sidcon.nl\/de\/dank-contact\/","og_site_name":"Sidcon","article_modified_time":"2025-07-09T07:26:30+00:00","twitter_card":"summary_large_image","schema":{"@context":"https:\/\/schema.org","@graph":[{"@type":"WebPage","@id":"https:\/\/sidcon.nl\/de\/dank-contact\/","url":"https:\/\/sidcon.nl\/de\/dank-contact\/","name":"Dank-contact - Sidcon","isPartOf":{"@id":"https:\/\/sidcon.nl\/de\/#website"},"datePublished":"2024-03-18T12:08:49+00:00","dateModified":"2025-07-09T07:26:30+00:00","breadcrumb":{"@id":"https:\/\/sidcon.nl\/de\/dank-contact\/#breadcrumb"},"inLanguage":"de","potentialAction":[{"@type":"ReadAction","target":["https:\/\/sidcon.nl\/de\/dank-contact\/"]}]},{"@type":"BreadcrumbList","@id":"https:\/\/sidcon.nl\/de\/dank-contact\/#breadcrumb","itemListElement":[{"@type":"ListItem","position":1,"name":"Home","item":"https:\/\/sidcon.nl\/de\/"},{"@type":"ListItem","position":2,"name":"Dank-contact"}]},{"@type":"WebSite","@id":"https:\/\/sidcon.nl\/de\/#website","url":"https:\/\/sidcon.nl\/de\/","name":"Sidcon","description":"Ondergrondse perscontainers","publisher":{"@id":"https:\/\/sidcon.nl\/de\/#organization"},"potentialAction":[{"@type":"SearchAction","target":{"@type":"EntryPoint","urlTemplate":"https:\/\/sidcon.nl\/de\/?s={search_term_string}"},"query-input":{"@type":"PropertyValueSpecification","valueRequired":true,"valueName":"search_term_string"}}],"inLanguage":"de"},{"@type":"Organization","@id":"https:\/\/sidcon.nl\/de\/#organization","name":"Sidcon","url":"https:\/\/sidcon.nl\/de\/","logo":{"@type":"ImageObject","inLanguage":"de","@id":"https:\/\/sidcon.nl\/de\/#\/schema\/logo\/image\/","url":"https:\/\/sidcon.nl\/wp-content\/uploads\/Logo-sidcon.svg","contentUrl":"https:\/\/sidcon.nl\/wp-content\/uploads\/Logo-sidcon.svg","width":134,"height":27,"caption":"Sidcon"},"image":{"@id":"https:\/\/sidcon.nl\/de\/#\/schema\/logo\/image\/"}}]}},"_links":{"self":[{"href":"https:\/\/sidcon.nl\/de\/wp-json\/wp\/v2\/pages\/4158","targetHints":{"allow":["GET"]}}],"collection":[{"href":"https:\/\/sidcon.nl\/de\/wp-json\/wp\/v2\/pages"}],"about":[{"href":"https:\/\/sidcon.nl\/de\/wp-json\/wp\/v2\/types\/page"}],"author":[{"embeddable":true,"href":"https:\/\/sidcon.nl\/de\/wp-json\/wp\/v2\/users\/1"}],"replies":[{"embeddable":true,"href":"https:\/\/sidcon.nl\/de\/wp-json\/wp\/v2\/comments?post=4158"}],"version-history":[{"count":1,"href":"https:\/\/sidcon.nl\/de\/wp-json\/wp\/v2\/pages\/4158\/revisions"}],"predecessor-version":[{"id":4159,"href":"https:\/\/sidcon.nl\/de\/wp-json\/wp\/v2\/pages\/4158\/revisions\/4159"}],"wp:attachment":[{"href":"https:\/\/sidcon.nl\/de\/wp-json\/wp\/v2\/media?parent=4158"}],"curies":[{"name":"wp","href":"https:\/\/api.w.org\/{rel}","templated":true}]}}