{"id":3273,"date":"2024-01-16T09:33:33","date_gmt":"2024-01-16T08:33:33","guid":{"rendered":"https:\/\/sidcon.nl\/declaration-de-confidentialite\/"},"modified":"2025-07-09T09:32:54","modified_gmt":"2025-07-09T07:32:54","slug":"declaration-de-confidentialite","status":"publish","type":"page","link":"https:\/\/sidcon.nl\/fr\/declaration-de-confidentialite\/","title":{"rendered":"D\u00e9claration de confidentialit\u00e9"},"content":{"rendered":"<p>Ceci est la d\u00e9claration de confidentialit\u00e9 de Sidcon Milieutechniek B.V. (ci-apr\u00e8s \u00ab Sidcon \u00bb), inscrite au registre du commerce de la Chambre de commerce sous le num\u00e9ro 09157031, concernant le site Internet sidcon.nl. Cette d\u00e9claration de confidentialit\u00e9 concerne le traitement des donn\u00e9es par Sidcon via notre site Internet sidcon.nl et notre newsletter, ainsi que notre utilisation des cookies.<\/p>\n<p>Sidcon respecte la vie priv\u00e9e de tous les clients et utilisateurs du site Web. Nous veillons \u00e0 ce que les informations personnelles que vous nous fournissez soient trait\u00e9es de mani\u00e8re confidentielle. Vos donn\u00e9es personnelles ne seront utilis\u00e9es qu\u2019aux fins pour lesquelles vous nous les fournissez. Les donn\u00e9es ne seront pas distribu\u00e9es \u00e0 des tiers.<\/p>\n<p>Nous proposons une newsletter avec laquelle nous informons les abonn\u00e9s des derniers d\u00e9veloppements au sein de Sidcon, des \u00e9volutions de notre secteur et des nouveaux services de Sidcon. Votre adresse e-mail ne sera ajout\u00e9e \u00e0 la liste des abonn\u00e9s qu&rsquo;avec une autorisation explicite. Chaque newsletter contient un lien avec lequel vous pouvez vous d\u00e9sinscrire. La base d&rsquo;abonn\u00e9s \u00e0 la newsletter n&rsquo;est pas fournie \u00e0 des tiers ni mise \u00e0 disposition pour consultation.<\/p>\n<p>Nous utilisons des cookies sur notre site Web. Un cookie est un petit fichier envoy\u00e9 avec les pages de ce site Web et stock\u00e9 par votre navigateur sur le disque dur de votre ordinateur. Vous pouvez d\u00e9sactiver ces cookies via votre navigateur. En utilisant le cookie, vous pouvez indiquer les donn\u00e9es que vous nous fournissez.<\/p>\n","protected":false},"excerpt":{"rendered":"<p>Ceci est la d\u00e9claration de confidentialit\u00e9 de Sidcon Milieutechniek B.V. (ci-apr\u00e8s \u00ab Sidcon \u00bb), inscrite au registre du commerce de la Chambre de commerce sous le num\u00e9ro 09157031, concernant le site Internet sidcon.nl. Cette d\u00e9claration de confidentialit\u00e9 concerne le traitement des donn\u00e9es par Sidcon via notre site Internet sidcon.nl et notre newsletter, ainsi que notre [&hellip;]<\/p>\n","protected":false},"author":2,"featured_media":0,"parent":0,"menu_order":45,"comment_status":"closed","ping_status":"closed","template":"","meta":{"_acf_changed":false,"footnotes":""},"class_list":["post-3273","page","type-page","status-publish","hentry"],"acf":[],"yoast_head":"<!-- This site is optimized with the Yoast SEO plugin v27.4 - https:\/\/yoast.com\/product\/yoast-seo-wordpress\/ -->\n<title>D\u00e9claration de confidentialit\u00e9 - Sidcon<\/title>\n<meta name=\"robots\" content=\"index, follow, max-snippet:-1, max-image-preview:large, max-video-preview:-1\" \/>\n<link rel=\"canonical\" href=\"https:\/\/sidcon.nl\/fr\/declaration-de-confidentialite\/\" \/>\n<meta property=\"og:locale\" content=\"fr_FR\" \/>\n<meta property=\"og:type\" content=\"article\" \/>\n<meta property=\"og:title\" content=\"D\u00e9claration de confidentialit\u00e9 - Sidcon\" \/>\n<meta property=\"og:description\" content=\"Ceci est la d\u00e9claration de confidentialit\u00e9 de Sidcon Milieutechniek B.V. (ci-apr\u00e8s \u00ab Sidcon \u00bb), inscrite au registre du commerce de la Chambre de commerce sous le num\u00e9ro 09157031, concernant le site Internet sidcon.nl. Cette d\u00e9claration de confidentialit\u00e9 concerne le traitement des donn\u00e9es par Sidcon via notre site Internet sidcon.nl et notre newsletter, ainsi que notre [&hellip;]\" \/>\n<meta property=\"og:url\" content=\"https:\/\/sidcon.nl\/fr\/declaration-de-confidentialite\/\" \/>\n<meta property=\"og:site_name\" content=\"Sidcon\" \/>\n<meta property=\"article:modified_time\" content=\"2025-07-09T07:32:54+00:00\" \/>\n<meta name=\"twitter:card\" content=\"summary_large_image\" \/>\n<meta name=\"twitter:label1\" content=\"Dur\u00e9e de lecture estim\u00e9e\" \/>\n\t<meta name=\"twitter:data1\" content=\"1 minute\" \/>\n<script type=\"application\/ld+json\" class=\"yoast-schema-graph\">{\"@context\":\"https:\\\/\\\/schema.org\",\"@graph\":[{\"@type\":\"WebPage\",\"@id\":\"https:\\\/\\\/sidcon.nl\\\/fr\\\/declaration-de-confidentialite\\\/\",\"url\":\"https:\\\/\\\/sidcon.nl\\\/fr\\\/declaration-de-confidentialite\\\/\",\"name\":\"D\u00e9claration de confidentialit\u00e9 - Sidcon\",\"isPartOf\":{\"@id\":\"https:\\\/\\\/sidcon.nl\\\/fr\\\/#website\"},\"datePublished\":\"2024-01-16T08:33:33+00:00\",\"dateModified\":\"2025-07-09T07:32:54+00:00\",\"breadcrumb\":{\"@id\":\"https:\\\/\\\/sidcon.nl\\\/fr\\\/declaration-de-confidentialite\\\/#breadcrumb\"},\"inLanguage\":\"fr-FR\",\"potentialAction\":[{\"@type\":\"ReadAction\",\"target\":[\"https:\\\/\\\/sidcon.nl\\\/fr\\\/declaration-de-confidentialite\\\/\"]}]},{\"@type\":\"BreadcrumbList\",\"@id\":\"https:\\\/\\\/sidcon.nl\\\/fr\\\/declaration-de-confidentialite\\\/#breadcrumb\",\"itemListElement\":[{\"@type\":\"ListItem\",\"position\":1,\"name\":\"Home\",\"item\":\"https:\\\/\\\/sidcon.nl\\\/fr\\\/\"},{\"@type\":\"ListItem\",\"position\":2,\"name\":\"D\u00e9claration de confidentialit\u00e9\"}]},{\"@type\":\"WebSite\",\"@id\":\"https:\\\/\\\/sidcon.nl\\\/fr\\\/#website\",\"url\":\"https:\\\/\\\/sidcon.nl\\\/fr\\\/\",\"name\":\"Sidcon\",\"description\":\"Ondergrondse perscontainers\",\"publisher\":{\"@id\":\"https:\\\/\\\/sidcon.nl\\\/fr\\\/#organization\"},\"potentialAction\":[{\"@type\":\"SearchAction\",\"target\":{\"@type\":\"EntryPoint\",\"urlTemplate\":\"https:\\\/\\\/sidcon.nl\\\/fr\\\/?s={search_term_string}\"},\"query-input\":{\"@type\":\"PropertyValueSpecification\",\"valueRequired\":true,\"valueName\":\"search_term_string\"}}],\"inLanguage\":\"fr-FR\"},{\"@type\":\"Organization\",\"@id\":\"https:\\\/\\\/sidcon.nl\\\/fr\\\/#organization\",\"name\":\"Sidcon\",\"url\":\"https:\\\/\\\/sidcon.nl\\\/fr\\\/\",\"logo\":{\"@type\":\"ImageObject\",\"inLanguage\":\"fr-FR\",\"@id\":\"https:\\\/\\\/sidcon.nl\\\/fr\\\/#\\\/schema\\\/logo\\\/image\\\/\",\"url\":\"https:\\\/\\\/sidcon.nl\\\/wp-content\\\/uploads\\\/Logo-sidcon.svg\",\"contentUrl\":\"https:\\\/\\\/sidcon.nl\\\/wp-content\\\/uploads\\\/Logo-sidcon.svg\",\"width\":134,\"height\":27,\"caption\":\"Sidcon\"},\"image\":{\"@id\":\"https:\\\/\\\/sidcon.nl\\\/fr\\\/#\\\/schema\\\/logo\\\/image\\\/\"}}]}<\/script>\n<!-- \/ Yoast SEO plugin. -->","yoast_head_json":{"title":"D\u00e9claration de confidentialit\u00e9 - Sidcon","robots":{"index":"index","follow":"follow","max-snippet":"max-snippet:-1","max-image-preview":"max-image-preview:large","max-video-preview":"max-video-preview:-1"},"canonical":"https:\/\/sidcon.nl\/fr\/declaration-de-confidentialite\/","og_locale":"fr_FR","og_type":"article","og_title":"D\u00e9claration de confidentialit\u00e9 - Sidcon","og_description":"Ceci est la d\u00e9claration de confidentialit\u00e9 de Sidcon Milieutechniek B.V. (ci-apr\u00e8s \u00ab Sidcon \u00bb), inscrite au registre du commerce de la Chambre de commerce sous le num\u00e9ro 09157031, concernant le site Internet sidcon.nl. Cette d\u00e9claration de confidentialit\u00e9 concerne le traitement des donn\u00e9es par Sidcon via notre site Internet sidcon.nl et notre newsletter, ainsi que notre [&hellip;]","og_url":"https:\/\/sidcon.nl\/fr\/declaration-de-confidentialite\/","og_site_name":"Sidcon","article_modified_time":"2025-07-09T07:32:54+00:00","twitter_card":"summary_large_image","twitter_misc":{"Dur\u00e9e de lecture estim\u00e9e":"1 minute"},"schema":{"@context":"https:\/\/schema.org","@graph":[{"@type":"WebPage","@id":"https:\/\/sidcon.nl\/fr\/declaration-de-confidentialite\/","url":"https:\/\/sidcon.nl\/fr\/declaration-de-confidentialite\/","name":"D\u00e9claration de confidentialit\u00e9 - Sidcon","isPartOf":{"@id":"https:\/\/sidcon.nl\/fr\/#website"},"datePublished":"2024-01-16T08:33:33+00:00","dateModified":"2025-07-09T07:32:54+00:00","breadcrumb":{"@id":"https:\/\/sidcon.nl\/fr\/declaration-de-confidentialite\/#breadcrumb"},"inLanguage":"fr-FR","potentialAction":[{"@type":"ReadAction","target":["https:\/\/sidcon.nl\/fr\/declaration-de-confidentialite\/"]}]},{"@type":"BreadcrumbList","@id":"https:\/\/sidcon.nl\/fr\/declaration-de-confidentialite\/#breadcrumb","itemListElement":[{"@type":"ListItem","position":1,"name":"Home","item":"https:\/\/sidcon.nl\/fr\/"},{"@type":"ListItem","position":2,"name":"D\u00e9claration de confidentialit\u00e9"}]},{"@type":"WebSite","@id":"https:\/\/sidcon.nl\/fr\/#website","url":"https:\/\/sidcon.nl\/fr\/","name":"Sidcon","description":"Ondergrondse perscontainers","publisher":{"@id":"https:\/\/sidcon.nl\/fr\/#organization"},"potentialAction":[{"@type":"SearchAction","target":{"@type":"EntryPoint","urlTemplate":"https:\/\/sidcon.nl\/fr\/?s={search_term_string}"},"query-input":{"@type":"PropertyValueSpecification","valueRequired":true,"valueName":"search_term_string"}}],"inLanguage":"fr-FR"},{"@type":"Organization","@id":"https:\/\/sidcon.nl\/fr\/#organization","name":"Sidcon","url":"https:\/\/sidcon.nl\/fr\/","logo":{"@type":"ImageObject","inLanguage":"fr-FR","@id":"https:\/\/sidcon.nl\/fr\/#\/schema\/logo\/image\/","url":"https:\/\/sidcon.nl\/wp-content\/uploads\/Logo-sidcon.svg","contentUrl":"https:\/\/sidcon.nl\/wp-content\/uploads\/Logo-sidcon.svg","width":134,"height":27,"caption":"Sidcon"},"image":{"@id":"https:\/\/sidcon.nl\/fr\/#\/schema\/logo\/image\/"}}]}},"_links":{"self":[{"href":"https:\/\/sidcon.nl\/fr\/wp-json\/wp\/v2\/pages\/3273","targetHints":{"allow":["GET"]}}],"collection":[{"href":"https:\/\/sidcon.nl\/fr\/wp-json\/wp\/v2\/pages"}],"about":[{"href":"https:\/\/sidcon.nl\/fr\/wp-json\/wp\/v2\/types\/page"}],"author":[{"embeddable":true,"href":"https:\/\/sidcon.nl\/fr\/wp-json\/wp\/v2\/users\/2"}],"replies":[{"embeddable":true,"href":"https:\/\/sidcon.nl\/fr\/wp-json\/wp\/v2\/comments?post=3273"}],"version-history":[{"count":1,"href":"https:\/\/sidcon.nl\/fr\/wp-json\/wp\/v2\/pages\/3273\/revisions"}],"predecessor-version":[{"id":3274,"href":"https:\/\/sidcon.nl\/fr\/wp-json\/wp\/v2\/pages\/3273\/revisions\/3274"}],"wp:attachment":[{"href":"https:\/\/sidcon.nl\/fr\/wp-json\/wp\/v2\/media?parent=3273"}],"curies":[{"name":"wp","href":"https:\/\/api.w.org\/{rel}","templated":true}]}}