{"id":4156,"date":"2024-03-18T13:08:49","date_gmt":"2024-03-18T12:08:49","guid":{"rendered":"https:\/\/sidcon.nl\/merci-de-contacter\/"},"modified":"2025-07-09T09:26:30","modified_gmt":"2025-07-09T07:26:30","slug":"merci-de-contacter","status":"publish","type":"page","link":"https:\/\/sidcon.nl\/fr\/merci-de-contacter\/","title":{"rendered":"Merci-de-contacter"},"content":{"rendered":"\t\t<div data-elementor-type=\"wp-page\" data-elementor-id=\"4156\" class=\"elementor elementor-4156 elementor-4140\" data-elementor-post-type=\"page\">\n\t\t\t\t<div class=\"has_ae_slider elementor-element elementor-element-b956295 e-flex e-con-boxed ae-bg-gallery-type-default e-con e-parent\" data-id=\"b956295\" data-element_type=\"container\" data-e-type=\"container\">\n\t\t\t\t\t<div class=\"e-con-inner\">\n\t\t\t\t<div class=\"elementor-element elementor-element-0cc38ff elementor-widget elementor-widget-heading\" data-id=\"0cc38ff\" data-element_type=\"widget\" data-e-type=\"widget\" data-widget_type=\"heading.default\">\n\t\t\t\t<div class=\"elementor-widget-container\">\n\t\t\t\t\t<h2 class=\"elementor-heading-title elementor-size-default\">Le formulaire a \u00e9t\u00e9 envoy\u00e9 avec succ\u00e8s\u00a0!<\/h2>\t\t\t\t<\/div>\n\t\t\t\t<\/div>\n\t\t\t\t\t<\/div>\n\t\t\t\t<\/div>\n\t\t<div class=\"has_ae_slider elementor-element elementor-element-13b4158 e-flex e-con-boxed ae-bg-gallery-type-default e-con e-parent\" data-id=\"13b4158\" data-element_type=\"container\" data-e-type=\"container\">\n\t\t\t\t\t<div class=\"e-con-inner\">\n\t\t\t\t<div class=\"elementor-element elementor-element-12a164b elementor-widget elementor-widget-text-editor\" data-id=\"12a164b\" data-element_type=\"widget\" data-e-type=\"widget\" data-widget_type=\"text-editor.default\">\n\t\t\t\t<div class=\"elementor-widget-container\">\n\t\t\t\t\t\t\t\t\t<p>Merci d&rsquo;avoir rempli le formulaire de contact.<\/p>\n<p>Nous vous contacterons d\u00e8s que possible.<\/p>\n\t\t\t\t\t\t\t\t<\/div>\n\t\t\t\t<\/div>\n\t\t\t\t\t<\/div>\n\t\t\t\t<\/div>\n\t\t<div class=\"has_ae_slider elementor-element elementor-element-45e70a8 e-flex e-con-boxed ae-bg-gallery-type-default e-con e-parent\" data-id=\"45e70a8\" data-element_type=\"container\" data-e-type=\"container\">\n\t\t\t\t\t<div class=\"e-con-inner\">\n\t\t\t\t\t<\/div>\n\t\t\t\t<\/div>\n\t\t\t\t<\/div>\n\t\t","protected":false},"excerpt":{"rendered":"<p>Le formulaire a \u00e9t\u00e9 envoy\u00e9 avec succ\u00e8s\u00a0! Merci d&rsquo;avoir rempli le formulaire de contact. Nous vous contacterons d\u00e8s que possible.<\/p>\n","protected":false},"author":1,"featured_media":0,"parent":0,"menu_order":100,"comment_status":"closed","ping_status":"closed","template":"","meta":{"_acf_changed":false,"footnotes":""},"class_list":["post-4156","page","type-page","status-publish","hentry"],"acf":[],"yoast_head":"<!-- This site is optimized with the Yoast SEO plugin v27.3 - https:\/\/yoast.com\/product\/yoast-seo-wordpress\/ -->\n<title>Merci-de-contacter - Sidcon<\/title>\n<meta name=\"robots\" content=\"index, follow, max-snippet:-1, max-image-preview:large, max-video-preview:-1\" \/>\n<link rel=\"canonical\" href=\"https:\/\/sidcon.nl\/fr\/merci-de-contacter\/\" \/>\n<meta property=\"og:locale\" content=\"fr_FR\" \/>\n<meta property=\"og:type\" content=\"article\" \/>\n<meta property=\"og:title\" content=\"Merci-de-contacter - Sidcon\" \/>\n<meta property=\"og:description\" content=\"Le formulaire a \u00e9t\u00e9 envoy\u00e9 avec succ\u00e8s\u00a0! Merci d&rsquo;avoir rempli le formulaire de contact. Nous vous contacterons d\u00e8s que possible.\" \/>\n<meta property=\"og:url\" content=\"https:\/\/sidcon.nl\/fr\/merci-de-contacter\/\" \/>\n<meta property=\"og:site_name\" content=\"Sidcon\" \/>\n<meta property=\"article:modified_time\" content=\"2025-07-09T07:26:30+00:00\" \/>\n<meta name=\"twitter:card\" content=\"summary_large_image\" \/>\n<script type=\"application\/ld+json\" class=\"yoast-schema-graph\">{\"@context\":\"https:\\\/\\\/schema.org\",\"@graph\":[{\"@type\":\"WebPage\",\"@id\":\"https:\\\/\\\/sidcon.nl\\\/fr\\\/merci-de-contacter\\\/\",\"url\":\"https:\\\/\\\/sidcon.nl\\\/fr\\\/merci-de-contacter\\\/\",\"name\":\"Merci-de-contacter - Sidcon\",\"isPartOf\":{\"@id\":\"https:\\\/\\\/sidcon.nl\\\/fr\\\/#website\"},\"datePublished\":\"2024-03-18T12:08:49+00:00\",\"dateModified\":\"2025-07-09T07:26:30+00:00\",\"breadcrumb\":{\"@id\":\"https:\\\/\\\/sidcon.nl\\\/fr\\\/merci-de-contacter\\\/#breadcrumb\"},\"inLanguage\":\"fr-FR\",\"potentialAction\":[{\"@type\":\"ReadAction\",\"target\":[\"https:\\\/\\\/sidcon.nl\\\/fr\\\/merci-de-contacter\\\/\"]}]},{\"@type\":\"BreadcrumbList\",\"@id\":\"https:\\\/\\\/sidcon.nl\\\/fr\\\/merci-de-contacter\\\/#breadcrumb\",\"itemListElement\":[{\"@type\":\"ListItem\",\"position\":1,\"name\":\"Home\",\"item\":\"https:\\\/\\\/sidcon.nl\\\/fr\\\/\"},{\"@type\":\"ListItem\",\"position\":2,\"name\":\"Merci-de-contacter\"}]},{\"@type\":\"WebSite\",\"@id\":\"https:\\\/\\\/sidcon.nl\\\/fr\\\/#website\",\"url\":\"https:\\\/\\\/sidcon.nl\\\/fr\\\/\",\"name\":\"Sidcon\",\"description\":\"Ondergrondse perscontainers\",\"publisher\":{\"@id\":\"https:\\\/\\\/sidcon.nl\\\/fr\\\/#organization\"},\"potentialAction\":[{\"@type\":\"SearchAction\",\"target\":{\"@type\":\"EntryPoint\",\"urlTemplate\":\"https:\\\/\\\/sidcon.nl\\\/fr\\\/?s={search_term_string}\"},\"query-input\":{\"@type\":\"PropertyValueSpecification\",\"valueRequired\":true,\"valueName\":\"search_term_string\"}}],\"inLanguage\":\"fr-FR\"},{\"@type\":\"Organization\",\"@id\":\"https:\\\/\\\/sidcon.nl\\\/fr\\\/#organization\",\"name\":\"Sidcon\",\"url\":\"https:\\\/\\\/sidcon.nl\\\/fr\\\/\",\"logo\":{\"@type\":\"ImageObject\",\"inLanguage\":\"fr-FR\",\"@id\":\"https:\\\/\\\/sidcon.nl\\\/fr\\\/#\\\/schema\\\/logo\\\/image\\\/\",\"url\":\"https:\\\/\\\/sidcon.nl\\\/wp-content\\\/uploads\\\/Logo-sidcon.svg\",\"contentUrl\":\"https:\\\/\\\/sidcon.nl\\\/wp-content\\\/uploads\\\/Logo-sidcon.svg\",\"width\":134,\"height\":27,\"caption\":\"Sidcon\"},\"image\":{\"@id\":\"https:\\\/\\\/sidcon.nl\\\/fr\\\/#\\\/schema\\\/logo\\\/image\\\/\"}}]}<\/script>\n<!-- \/ Yoast SEO plugin. -->","yoast_head_json":{"title":"Merci-de-contacter - Sidcon","robots":{"index":"index","follow":"follow","max-snippet":"max-snippet:-1","max-image-preview":"max-image-preview:large","max-video-preview":"max-video-preview:-1"},"canonical":"https:\/\/sidcon.nl\/fr\/merci-de-contacter\/","og_locale":"fr_FR","og_type":"article","og_title":"Merci-de-contacter - Sidcon","og_description":"Le formulaire a \u00e9t\u00e9 envoy\u00e9 avec succ\u00e8s\u00a0! Merci d&rsquo;avoir rempli le formulaire de contact. Nous vous contacterons d\u00e8s que possible.","og_url":"https:\/\/sidcon.nl\/fr\/merci-de-contacter\/","og_site_name":"Sidcon","article_modified_time":"2025-07-09T07:26:30+00:00","twitter_card":"summary_large_image","schema":{"@context":"https:\/\/schema.org","@graph":[{"@type":"WebPage","@id":"https:\/\/sidcon.nl\/fr\/merci-de-contacter\/","url":"https:\/\/sidcon.nl\/fr\/merci-de-contacter\/","name":"Merci-de-contacter - Sidcon","isPartOf":{"@id":"https:\/\/sidcon.nl\/fr\/#website"},"datePublished":"2024-03-18T12:08:49+00:00","dateModified":"2025-07-09T07:26:30+00:00","breadcrumb":{"@id":"https:\/\/sidcon.nl\/fr\/merci-de-contacter\/#breadcrumb"},"inLanguage":"fr-FR","potentialAction":[{"@type":"ReadAction","target":["https:\/\/sidcon.nl\/fr\/merci-de-contacter\/"]}]},{"@type":"BreadcrumbList","@id":"https:\/\/sidcon.nl\/fr\/merci-de-contacter\/#breadcrumb","itemListElement":[{"@type":"ListItem","position":1,"name":"Home","item":"https:\/\/sidcon.nl\/fr\/"},{"@type":"ListItem","position":2,"name":"Merci-de-contacter"}]},{"@type":"WebSite","@id":"https:\/\/sidcon.nl\/fr\/#website","url":"https:\/\/sidcon.nl\/fr\/","name":"Sidcon","description":"Ondergrondse perscontainers","publisher":{"@id":"https:\/\/sidcon.nl\/fr\/#organization"},"potentialAction":[{"@type":"SearchAction","target":{"@type":"EntryPoint","urlTemplate":"https:\/\/sidcon.nl\/fr\/?s={search_term_string}"},"query-input":{"@type":"PropertyValueSpecification","valueRequired":true,"valueName":"search_term_string"}}],"inLanguage":"fr-FR"},{"@type":"Organization","@id":"https:\/\/sidcon.nl\/fr\/#organization","name":"Sidcon","url":"https:\/\/sidcon.nl\/fr\/","logo":{"@type":"ImageObject","inLanguage":"fr-FR","@id":"https:\/\/sidcon.nl\/fr\/#\/schema\/logo\/image\/","url":"https:\/\/sidcon.nl\/wp-content\/uploads\/Logo-sidcon.svg","contentUrl":"https:\/\/sidcon.nl\/wp-content\/uploads\/Logo-sidcon.svg","width":134,"height":27,"caption":"Sidcon"},"image":{"@id":"https:\/\/sidcon.nl\/fr\/#\/schema\/logo\/image\/"}}]}},"_links":{"self":[{"href":"https:\/\/sidcon.nl\/fr\/wp-json\/wp\/v2\/pages\/4156","targetHints":{"allow":["GET"]}}],"collection":[{"href":"https:\/\/sidcon.nl\/fr\/wp-json\/wp\/v2\/pages"}],"about":[{"href":"https:\/\/sidcon.nl\/fr\/wp-json\/wp\/v2\/types\/page"}],"author":[{"embeddable":true,"href":"https:\/\/sidcon.nl\/fr\/wp-json\/wp\/v2\/users\/1"}],"replies":[{"embeddable":true,"href":"https:\/\/sidcon.nl\/fr\/wp-json\/wp\/v2\/comments?post=4156"}],"version-history":[{"count":3,"href":"https:\/\/sidcon.nl\/fr\/wp-json\/wp\/v2\/pages\/4156\/revisions"}],"predecessor-version":[{"id":4162,"href":"https:\/\/sidcon.nl\/fr\/wp-json\/wp\/v2\/pages\/4156\/revisions\/4162"}],"wp:attachment":[{"href":"https:\/\/sidcon.nl\/fr\/wp-json\/wp\/v2\/media?parent=4156"}],"curies":[{"name":"wp","href":"https:\/\/api.w.org\/{rel}","templated":true}]}}